{"id":320,"date":"2020-03-03T13:51:29","date_gmt":"2020-03-03T12:51:29","guid":{"rendered":"https:\/\/www.casacantoniera.como.it\/?page_id=320"},"modified":"2020-05-04T10:29:59","modified_gmt":"2020-05-04T08:29:59","slug":"cookie-policy","status":"publish","type":"page","link":"https:\/\/www.casacantoniera.como.it\/fr\/cookie-policy\/","title":{"rendered":"Cookie policy"},"content":{"rendered":"\t\t<div data-elementor-type=\"wp-page\" data-elementor-id=\"320\" class=\"elementor elementor-320 elementor-28\">\n\t\t\t\t\t\t<section class=\"elementor-section elementor-top-section elementor-element elementor-element-62ebe72 elementor-section-boxed elementor-section-height-default elementor-section-height-default\" data-id=\"62ebe72\" data-element_type=\"section\" data-e-type=\"section\">\n\t\t\t\t\t\t<div class=\"elementor-container elementor-column-gap-default\">\n\t\t\t\t\t<div class=\"elementor-column elementor-col-100 elementor-top-column elementor-element elementor-element-0d1e124\" data-id=\"0d1e124\" data-element_type=\"column\" data-e-type=\"column\">\n\t\t\t<div class=\"elementor-widget-wrap elementor-element-populated\">\n\t\t\t\t\t\t<div class=\"elementor-element elementor-element-f780a68 elementor-widget elementor-widget-text-editor\" data-id=\"f780a68\" data-element_type=\"widget\" data-e-type=\"widget\" data-widget_type=\"text-editor.default\">\n\t\t\t\t<div class=\"elementor-widget-container\">\n\t\t\t\t\t\t\t\t\t<h2>1. Que sont les cookies<\/h2><p>Les cookies sont des fragments de texte envoy\u00e9s \u00e0 l&rsquo;utilisateur par le site Web visit\u00e9. Ils sont stock\u00e9s sur le disque dur de l&rsquo;ordinateur, permettant ainsi au site Internet de reconna\u00eetre les utilisateurs et de stocker certaines informations les concernant, afin de permettre ou d&rsquo;am\u00e9liorer le service propos\u00e9.<br \/>Il existe diff\u00e9rents types de cookies. Certains sont n\u00e9cessaires pour pouvoir naviguer sur le site, d&rsquo;autres ont des finalit\u00e9s diff\u00e9rentes comme assurer la s\u00e9curit\u00e9 interne, administrer le syst\u00e8me, effectuer des analyses statistiques, comprendre quelles sections du site sont les plus int\u00e9ressantes pour les utilisateurs ou proposer une visite personnalis\u00e9e du site.<br \/>Le Site utilise des cookies techniques et de profilage. Ce qui pr\u00e9c\u00e8de fait r\u00e9f\u00e9rence \u00e0 la fois \u00e0 l&rsquo;ordinateur de l&rsquo;utilisateur et \u00e0 tout autre appareil que l&rsquo;utilisateur peut utiliser pour se connecter au site.<\/p><p>Plus pr\u00e9cis\u00e9ment, nos cookies vous permettent de:<\/p><ul><li>enregistrez vos pr\u00e9f\u00e9rences<\/li><li>\u00e9vitez de ressaisir plusieurs fois les m\u00eames informations pendant la visite, comme le nom d&rsquo;utilisateur et le mot de passe<\/li><li>analyser l&rsquo;utilisation des services et contenus fournis par le Site pour optimiser l&rsquo;exp\u00e9rience de navigation et les services propos\u00e9s<\/li><li>garantir la s\u00e9curit\u00e9 dans l&rsquo;insertion de formulaires de collecte de donn\u00e9es, gr\u00e2ce \u00e0 des scripts anti-bot<\/li><\/ul><p>Nous nous r\u00e9servons le droit de modifier cette politique \u00e0 tout moment.<br \/>Tout changement dans cette politique prendra effet \u00e0 compter de la date de publication sur le Site.<\/p><h3>1.1 \u00c0 quel moment je consens \u00e0 l&rsquo;acceptation des cookies<\/h3><p>En fermant la banni\u00e8re d&rsquo;information affich\u00e9e lors de la premi\u00e8re visite sur le Site, en faisant d\u00e9filer la page ou en cliquant sur l&rsquo;un de ses \u00e9l\u00e9ments, vous consentez \u00e0 l&rsquo;utilisation de cookies.<\/p><h3>1.2 Comment modifier vos pr\u00e9f\u00e9rences en mati\u00e8re de cookies<\/h3><p>La plupart des navigateurs acceptent automatiquement les cookies, mais l&rsquo;utilisateur peut normalement modifier les param\u00e8tres pour d\u00e9sactiver cette fonction. Il est possible de bloquer tous les types de cookies, ou d&rsquo;accepter de n&rsquo;en recevoir que certains et d&rsquo;en d\u00e9sactiver d&rsquo;autres. La section \u00ab\u00a0Options\u00a0\u00bb ou \u00ab\u00a0Pr\u00e9f\u00e9rences\u00a0\u00bb du menu du navigateur vous permet d&rsquo;\u00e9viter de recevoir des cookies et d&rsquo;autres technologies de suivi des utilisateurs, et comment recevoir une notification du navigateur de l&rsquo;activation de ces technologies. Alternativement, vous pouvez \u00e9galement consulter la section \u00ab\u00a0Aide\u00a0\u00bb de la barre d&rsquo;outils pr\u00e9sente dans la plupart des navigateurs.<br \/>Vous pouvez \u00e9galement s\u00e9lectionner le navigateur que vous utilisez dans la liste ci-dessous et suivre les instructions:<br \/>Internet Explorer: <a href=\"http:\/\/windows.microsoft.com\/it-it\/internet-explorer\/delete-manage-cookies\" target=\"_blank\" rel=\"noopener\"> http:\/\/windows.microsoft.com\/it- com \/ Internet explorer \/ suppression g\u00e9rer les cookies <\/a><br \/>Google Chrome: <a href=\"https:\/\/support.google.com\/chrome\/answer\/95647\" target=\"_blank\" rel=\"noopener\"> https:\/\/support.google.com\/chrome\/answer\/95647 <\/a><br \/>Apple Safari: <a href=\"https:\/\/support.apple.com\/it-it\/HT201265\" target=\"_blank\" rel=\"noopener\"> https:\/\/support.apple.com\/it-it\/HT201265 <\/a><br \/>Mozilla Firefox: <a href=\"https:\/\/support.mozilla.org\/it\/kb\/Gestione%20dei%20cookie\" target=\"_blank\" rel=\"noopener\"> https:\/\/support.mozilla.org\/it\/kb\/Gestione% 20dei% 20cookie <\/a><br \/>Opera: <a href=\"http:\/\/help.opera.com\/Windows\/10.00\/it\/cookies.html\" target=\"_blank\" rel=\"noopener\"> http:\/\/help.opera.com\/Windows\/10.00\/it\/cookies .html <\/a><\/p><p>Depuis un appareil mobile:<br \/>Android: <a href=\"https:\/\/support.google.com\/chrome\/answer\/95647\" target=\"_blank\" rel=\"noopener\"> https:\/\/support.google.com\/chrome\/answer\/95647 <\/a><br \/>Safari: <a href=\"https:\/\/support.apple.com\/it-it\/HT201265\" target=\"_blank\" rel=\"noopener\"> https:\/\/support.apple.com\/it-it\/HT201265 <\/a><br \/>Windows Phone: <a href=\"http:\/\/windows.microsoft.com\/it-it\/internet-explorer\/delete-manage-cookies\" target=\"_blank\" rel=\"noopener\"> http:\/\/windows.microsoft.com\/it- com \/ Internet explorer \/ suppression g\u00e9rer les cookies <\/a><\/p><p>Pour plus d&rsquo;informations sur les cookies et pour g\u00e9rer les pr\u00e9f\u00e9rences en mati\u00e8re de cookies (premi\u00e8re et \/ ou tierce partie), les utilisateurs sont \u00e9galement invit\u00e9s \u00e0 visiter la plateforme www.youronlinechoices.com. Cependant, veuillez noter que la d\u00e9sactivation de la navigation ou des cookies fonctionnels peut entra\u00eener un dysfonctionnement du Site et \/ ou limiter le service propos\u00e9.<\/p><h2>2. Cookies techniques<\/h2><p>Les cookies techniques sont ceux utilis\u00e9s dans le seul but d&rsquo;effectuer la transmission d&rsquo;une communication sur un r\u00e9seau de communications \u00e9lectroniques, ou dans la mesure strictement n\u00e9cessaire au fournisseur d&rsquo;un service de la soci\u00e9t\u00e9 de l&rsquo;information explicitement demand\u00e9 par l&rsquo;abonn\u00e9 ou l&rsquo;utilisateur de fournir une telle service.<br \/>Ils ne sont pas utilis\u00e9s \u00e0 d&rsquo;autres fins et sont normalement install\u00e9s directement par le propri\u00e9taire ou l&rsquo;exploitant du site Web.<br \/>Ils peuvent \u00eatre divis\u00e9s en cookies de navigation ou de session, qui garantissent la navigation et l&rsquo;utilisation normales du site Internet (permettant, par exemple, d&rsquo;effectuer un achat ou de s&rsquo;authentifier pour acc\u00e9der aux zones restreintes).<br \/>Les cookies techniques fournis par le Site sont:<\/p><ul><li>Cookies de session<br \/>Ils sont utilis\u00e9s pour g\u00e9rer la connexion et l&rsquo;acc\u00e8s aux fonctions r\u00e9serv\u00e9es du site. Leur d\u00e9sactivation compromet l&rsquo;utilisation des services accessibles par connexion.<\/li><\/ul><h2>3. Cookies de profilage propri\u00e9taires<\/h2><p>Le site n&rsquo;utilise pas de cookies de profilage propri\u00e9taires.<\/p><h2>4. Cookies de profilage tiers<\/h2><p>Les cookies tiers sont d\u00e9finis par un domaine diff\u00e9rent de celui visit\u00e9 par l&rsquo;utilisateur. Si un utilisateur visite un site et qu&rsquo;une autre entreprise envoie les informations en utilisant ce site, des cookies tiers sont pr\u00e9sents.<br \/>Le Site pr\u00e9voit l&rsquo;utilisation des cookies de profilage tiers suivants:<br \/><br \/><strong> Cookies Google Analytics <\/strong><br \/>Nos pages utilisent des cookies de performance tiers de Google Analytics (service propos\u00e9 par Google, Inc.) pour nous permettre de collecter de mani\u00e8re anonyme et d&rsquo;examiner le comportement des visiteurs lors de l&rsquo;utilisation du site et d&rsquo;am\u00e9liorer sa convivialit\u00e9 et l exp\u00e9rience utilisateur. Gr\u00e2ce \u00e0 l&rsquo;utilisation du panneau Google Analytics, il est possible de comprendre si les visites ont \u00e9t\u00e9 effectu\u00e9es par des visiteurs nouveaux ou anciens en v\u00e9rifiant comment les pages ont \u00e9t\u00e9 parcourues (entr\u00e9e, liens de sortie, d\u00e9placement entre les pages, temps pass\u00e9, origine g\u00e9ographique, etc &#8230;).<br \/>Pour plus d&rsquo;informations sur Google Analytics, vous pouvez consulter les sites:<br \/><a href=\"https:\/\/www.google.it\/policies\/privacy\/partners\/\" target=\"_blank\" rel=\"noopener\"> https:\/\/www.google.it\/policies\/privacy\/partners\/ <\/a><br \/><a href=\"https:\/\/developers.google.com\/analytics\/devguides\/collection\/analyticsjs\/cookie-usage\" target=\"_blank\" rel=\"noopener\"> https:\/\/developers.google.com\/analytics\/devguides\/collection\/analyticsjs \/ cookie utilisation <\/a><br \/>Il est possible de d\u00e9sactiver l&rsquo;action de Google Analytics via les outils fournis par Google.<br \/>Pour plus d&rsquo;informations \u00e0 ce sujet, consultez le site:<br \/><a href=\"https:\/\/tools.google.com\/dlpage\/gaoptout\" target=\"_blank\" rel=\"noopener\"> https:\/\/tools.google.com\/dlpage\/gaoptout <\/a><br \/><br \/><strong> Cookies de widgets sociaux <\/strong><br \/>Certains widgets mis \u00e0 disposition par les r\u00e9seaux sociaux (par exemple Facebook, Twitter, YouTube, Google Maps, etc.) peuvent utiliser leurs propres cookies tiers. La d\u00e9sactivation ne compromet pas l&rsquo;utilisation du site, sauf dans les sections o\u00f9 des widgets peuvent \u00eatre install\u00e9s (par exemple pour l&rsquo;int\u00e9gration de vid\u00e9o ou de carte) et dans certains cas, la possibilit\u00e9 d&rsquo;un partage de contenu rapide ou la possibilit\u00e9 de commenter certaines zones du site .<br \/>Facebook &#8211; Informations: <a href=\"https:\/\/www.facebook.com\/help\/cookies\/\" target=\"_blank\" rel=\"noopener\"> https:\/\/www.facebook.com\/help\/cookies\/ <\/a><br \/>Facebook &#8211; Configuration: <em> connectez-vous \u00e0 votre compte. Section confidentialit\u00e9. <\/em><br \/>Twitter &#8211; Informations: <a href=\"https:\/\/support.twitter.com\/articles\/20170514\" target=\"_blank\" rel=\"noopener\"> https:\/\/support.twitter.com\/articles\/20170514 <\/a><br \/>Twitter &#8211; Configuration: <a href=\"https:\/\/twitter.com\/settings\/security\" target=\"_blank\" rel=\"noopener\"> https:\/\/twitter.com\/settings\/security <\/a><br \/>Linkedin &#8211; Informations: <a href=\"https:\/\/www.linkedin.com\/legal\/cookie-policy\" target=\"_blank\" rel=\"noopener\"> https:\/\/www.linkedin.com\/legal\/cookie-policy <\/a><br \/>Linkedin &#8211; Configuration: <a href=\"https:\/\/www.linkedin.com\/settings\/\" target=\"_blank\" rel=\"noopener\"> https:\/\/www.linkedin.com\/settings\/ <\/a><br \/>Google+ &#8211; Informations: <a href=\"http:\/\/www.google.it\/intl\/it\/policies\/technologies\/cookies\/\" target=\"_blank\" rel=\"noopener\"> http:\/\/www.google.it\/intl\/it\/ politiques \/ technologies \/ Cookies \/ <\/a><br \/>Google+ &#8211; Configuration: <a href=\"http:\/\/www.google.it\/intl\/it\/policies\/technologies\/managing\/\" target=\"_blank\" rel=\"noopener\"> http:\/\/www.google.it\/intl\/it\/ politiques \/ technologies \/ gestion \/ <\/a><br \/>Google Maps &#8211; Informations de d\u00e9sactivation et configuration: <a href=\"https:\/\/maps.google.it\/intl\/it\/policies\/privacy\/\" target=\"_blank\" rel=\"noopener\"> https:\/\/maps.google.it\/ intl \/ fr \/ politiques \/ vie priv\u00e9e \/ <\/a><br \/><br \/><strong> Cookies publicitaires <\/strong><br \/>Des cookies publicitaires sont install\u00e9s pour montrer aux visiteurs du site le contenu li\u00e9 \u00e0 leurs pr\u00e9f\u00e9rences. Ils peuvent donc \u00eatre utilis\u00e9s pour afficher du contenu publicitaire cibl\u00e9 sur les int\u00e9r\u00eats de la personne. Les cookies de ce type fonctionnent en collaboration avec des sites tiers et peuvent garder une trace de la navigation pass\u00e9e sur des pages de diff\u00e9rents domaines. Les cookies de ce type conservent g\u00e9n\u00e9ralement l&rsquo;adresse IP de l&rsquo;utilisateur en plus d&rsquo;autres informations, dont certaines peuvent \u00eatre personnelles.<\/p>\t\t\t\t\t\t\t\t<\/div>\n\t\t\t\t<\/div>\n\t\t\t\t\t<\/div>\n\t\t<\/div>\n\t\t\t\t\t<\/div>\n\t\t<\/section>\n\t\t\t\t<\/div>\n\t\t","protected":false},"excerpt":{"rendered":"<p>1. Que sont les cookies Les cookies sont des fragments de texte envoy\u00e9s \u00e0 l&rsquo;utilisateur par le site Web visit\u00e9. Ils sont stock\u00e9s sur le disque dur de l&rsquo;ordinateur, permettant ainsi au site Internet de reconna\u00eetre les utilisateurs et de stocker certaines informations les concernant, afin de permettre ou d&rsquo;am\u00e9liorer le service propos\u00e9. Il existe [&hellip;]<\/p>\n","protected":false},"author":2,"featured_media":0,"parent":0,"menu_order":0,"comment_status":"closed","ping_status":"closed","template":"","meta":{"_acf_changed":false,"footnotes":""},"class_list":["post-320","page","type-page","status-publish","hentry"],"acf":[],"yoast_head":"<!-- This site is optimized with the Yoast SEO plugin v26.8 - https:\/\/yoast.com\/product\/yoast-seo-wordpress\/ -->\n<title>Cookie policy - B&amp;B Casa Cantoniera<\/title>\n<meta name=\"robots\" content=\"index, follow, max-snippet:-1, max-image-preview:large, max-video-preview:-1\" \/>\n<link rel=\"canonical\" href=\"https:\/\/www.casacantoniera.como.it\/fr\/cookie-policy\/\" \/>\n<meta property=\"og:locale\" content=\"fr_FR\" \/>\n<meta property=\"og:type\" content=\"article\" \/>\n<meta property=\"og:title\" content=\"Cookie policy - B&amp;B Casa Cantoniera\" \/>\n<meta property=\"og:description\" content=\"1. Que sont les cookies Les cookies sont des fragments de texte envoy\u00e9s \u00e0 l&rsquo;utilisateur par le site Web visit\u00e9. Ils sont stock\u00e9s sur le disque dur de l&rsquo;ordinateur, permettant ainsi au site Internet de reconna\u00eetre les utilisateurs et de stocker certaines informations les concernant, afin de permettre ou d&rsquo;am\u00e9liorer le service propos\u00e9. Il existe [&hellip;]\" \/>\n<meta property=\"og:url\" content=\"https:\/\/www.casacantoniera.como.it\/fr\/cookie-policy\/\" \/>\n<meta property=\"og:site_name\" content=\"B&amp;B Casa Cantoniera\" \/>\n<meta property=\"article:modified_time\" content=\"2020-05-04T08:29:59+00:00\" \/>\n<meta name=\"twitter:card\" content=\"summary_large_image\" \/>\n<meta name=\"twitter:label1\" content=\"Dur\u00e9e de lecture estim\u00e9e\" \/>\n\t<meta name=\"twitter:data1\" content=\"6 minutes\" \/>\n<script type=\"application\/ld+json\" class=\"yoast-schema-graph\">{\"@context\":\"https:\/\/schema.org\",\"@graph\":[{\"@type\":\"WebPage\",\"@id\":\"https:\/\/www.casacantoniera.como.it\/fr\/cookie-policy\/\",\"url\":\"https:\/\/www.casacantoniera.como.it\/fr\/cookie-policy\/\",\"name\":\"Cookie policy - B&amp;B Casa Cantoniera\",\"isPartOf\":{\"@id\":\"https:\/\/www.casacantoniera.como.it\/#website\"},\"datePublished\":\"2020-03-03T12:51:29+00:00\",\"dateModified\":\"2020-05-04T08:29:59+00:00\",\"breadcrumb\":{\"@id\":\"https:\/\/www.casacantoniera.como.it\/fr\/cookie-policy\/#breadcrumb\"},\"inLanguage\":\"fr-FR\",\"potentialAction\":[{\"@type\":\"ReadAction\",\"target\":[\"https:\/\/www.casacantoniera.como.it\/fr\/cookie-policy\/\"]}]},{\"@type\":\"BreadcrumbList\",\"@id\":\"https:\/\/www.casacantoniera.como.it\/fr\/cookie-policy\/#breadcrumb\",\"itemListElement\":[{\"@type\":\"ListItem\",\"position\":1,\"name\":\"Home\",\"item\":\"https:\/\/www.casacantoniera.como.it\/fr\/\"},{\"@type\":\"ListItem\",\"position\":2,\"name\":\"Cookie policy\"}]},{\"@type\":\"WebSite\",\"@id\":\"https:\/\/www.casacantoniera.como.it\/#website\",\"url\":\"https:\/\/www.casacantoniera.como.it\/\",\"name\":\"B&amp;B Casa Cantoniera\",\"description\":\"B&amp;B Casa Cantoniera\",\"potentialAction\":[{\"@type\":\"SearchAction\",\"target\":{\"@type\":\"EntryPoint\",\"urlTemplate\":\"https:\/\/www.casacantoniera.como.it\/?s={search_term_string}\"},\"query-input\":{\"@type\":\"PropertyValueSpecification\",\"valueRequired\":true,\"valueName\":\"search_term_string\"}}],\"inLanguage\":\"fr-FR\"}]}<\/script>\n<!-- \/ Yoast SEO plugin. -->","yoast_head_json":{"title":"Cookie policy - B&amp;B Casa Cantoniera","robots":{"index":"index","follow":"follow","max-snippet":"max-snippet:-1","max-image-preview":"max-image-preview:large","max-video-preview":"max-video-preview:-1"},"canonical":"https:\/\/www.casacantoniera.como.it\/fr\/cookie-policy\/","og_locale":"fr_FR","og_type":"article","og_title":"Cookie policy - B&amp;B Casa Cantoniera","og_description":"1. Que sont les cookies Les cookies sont des fragments de texte envoy\u00e9s \u00e0 l&rsquo;utilisateur par le site Web visit\u00e9. Ils sont stock\u00e9s sur le disque dur de l&rsquo;ordinateur, permettant ainsi au site Internet de reconna\u00eetre les utilisateurs et de stocker certaines informations les concernant, afin de permettre ou d&rsquo;am\u00e9liorer le service propos\u00e9. Il existe [&hellip;]","og_url":"https:\/\/www.casacantoniera.como.it\/fr\/cookie-policy\/","og_site_name":"B&amp;B Casa Cantoniera","article_modified_time":"2020-05-04T08:29:59+00:00","twitter_card":"summary_large_image","twitter_misc":{"Dur\u00e9e de lecture estim\u00e9e":"6 minutes"},"schema":{"@context":"https:\/\/schema.org","@graph":[{"@type":"WebPage","@id":"https:\/\/www.casacantoniera.como.it\/fr\/cookie-policy\/","url":"https:\/\/www.casacantoniera.como.it\/fr\/cookie-policy\/","name":"Cookie policy - B&amp;B Casa Cantoniera","isPartOf":{"@id":"https:\/\/www.casacantoniera.como.it\/#website"},"datePublished":"2020-03-03T12:51:29+00:00","dateModified":"2020-05-04T08:29:59+00:00","breadcrumb":{"@id":"https:\/\/www.casacantoniera.como.it\/fr\/cookie-policy\/#breadcrumb"},"inLanguage":"fr-FR","potentialAction":[{"@type":"ReadAction","target":["https:\/\/www.casacantoniera.como.it\/fr\/cookie-policy\/"]}]},{"@type":"BreadcrumbList","@id":"https:\/\/www.casacantoniera.como.it\/fr\/cookie-policy\/#breadcrumb","itemListElement":[{"@type":"ListItem","position":1,"name":"Home","item":"https:\/\/www.casacantoniera.como.it\/fr\/"},{"@type":"ListItem","position":2,"name":"Cookie policy"}]},{"@type":"WebSite","@id":"https:\/\/www.casacantoniera.como.it\/#website","url":"https:\/\/www.casacantoniera.como.it\/","name":"B&amp;B Casa Cantoniera","description":"B&amp;B Casa Cantoniera","potentialAction":[{"@type":"SearchAction","target":{"@type":"EntryPoint","urlTemplate":"https:\/\/www.casacantoniera.como.it\/?s={search_term_string}"},"query-input":{"@type":"PropertyValueSpecification","valueRequired":true,"valueName":"search_term_string"}}],"inLanguage":"fr-FR"}]}},"_links":{"self":[{"href":"https:\/\/www.casacantoniera.como.it\/fr\/wp-json\/wp\/v2\/pages\/320","targetHints":{"allow":["GET"]}}],"collection":[{"href":"https:\/\/www.casacantoniera.como.it\/fr\/wp-json\/wp\/v2\/pages"}],"about":[{"href":"https:\/\/www.casacantoniera.como.it\/fr\/wp-json\/wp\/v2\/types\/page"}],"author":[{"embeddable":true,"href":"https:\/\/www.casacantoniera.como.it\/fr\/wp-json\/wp\/v2\/users\/2"}],"replies":[{"embeddable":true,"href":"https:\/\/www.casacantoniera.como.it\/fr\/wp-json\/wp\/v2\/comments?post=320"}],"version-history":[{"count":4,"href":"https:\/\/www.casacantoniera.como.it\/fr\/wp-json\/wp\/v2\/pages\/320\/revisions"}],"predecessor-version":[{"id":1027,"href":"https:\/\/www.casacantoniera.como.it\/fr\/wp-json\/wp\/v2\/pages\/320\/revisions\/1027"}],"wp:attachment":[{"href":"https:\/\/www.casacantoniera.como.it\/fr\/wp-json\/wp\/v2\/media?parent=320"}],"curies":[{"name":"wp","href":"https:\/\/api.w.org\/{rel}","templated":true}]}}