{"id":322,"date":"2020-03-03T13:51:34","date_gmt":"2020-03-03T12:51:34","guid":{"rendered":"https:\/\/www.casacantoniera.como.it\/?page_id=322"},"modified":"2020-05-04T10:30:22","modified_gmt":"2020-05-04T08:30:22","slug":"cookie-policy","status":"publish","type":"page","link":"https:\/\/www.casacantoniera.como.it\/es\/cookie-policy\/","title":{"rendered":"Cookie policy"},"content":{"rendered":"\t\t<div data-elementor-type=\"wp-page\" data-elementor-id=\"322\" class=\"elementor elementor-322 elementor-28\">\n\t\t\t\t\t\t<section class=\"elementor-section elementor-top-section elementor-element elementor-element-62ebe72 elementor-section-boxed elementor-section-height-default elementor-section-height-default\" data-id=\"62ebe72\" data-element_type=\"section\" data-e-type=\"section\">\n\t\t\t\t\t\t<div class=\"elementor-container elementor-column-gap-default\">\n\t\t\t\t\t<div class=\"elementor-column elementor-col-100 elementor-top-column elementor-element elementor-element-0d1e124\" data-id=\"0d1e124\" data-element_type=\"column\" data-e-type=\"column\">\n\t\t\t<div class=\"elementor-widget-wrap elementor-element-populated\">\n\t\t\t\t\t\t<div class=\"elementor-element elementor-element-f780a68 elementor-widget elementor-widget-text-editor\" data-id=\"f780a68\" data-element_type=\"widget\" data-e-type=\"widget\" data-widget_type=\"text-editor.default\">\n\t\t\t\t<div class=\"elementor-widget-container\">\n\t\t\t\t\t\t\t\t\t<h2>1. \u00bfQu\u00e9 son las cookies?<\/h2><p>Las cookies son fragmentos de texto que el sitio web visitado env\u00eda al usuario. Se almacenan en el disco duro de la computadora, lo que permite que el sitio web reconozca a los usuarios y almacene cierta informaci\u00f3n sobre ellos, a fin de permitir o mejorar el servicio ofrecido.<br \/>Existen diferentes tipos de cookies. Algunos son necesarios para poder navegar por el sitio, otros tienen diferentes prop\u00f3sitos, como garantizar la seguridad interna, administrar el sistema, realizar an\u00e1lisis estad\u00edsticos, comprender qu\u00e9 secciones del sitio son m\u00e1s interesantes para los usuarios u ofrecer una visita personalizada al sitio.<br \/>El sitio utiliza cookies t\u00e9cnicas y de creaci\u00f3n de perfiles. Lo anterior se refiere tanto a la computadora del usuario como a cualquier otro dispositivo que el usuario pueda usar para conectarse al Sitio.<\/p><p>Espec\u00edficamente, nuestras cookies le permiten:<\/p><ul><li>almacena tus preferencias<\/li><li>evite volver a ingresar la misma informaci\u00f3n varias veces durante la visita, como nombre de usuario y contrase\u00f1a<\/li><li>analizar el uso de los servicios y el contenido proporcionados por el Sitio para optimizar la experiencia de navegaci\u00f3n y los servicios ofrecidos<\/li><li>garantiza la seguridad en la inserci\u00f3n de formularios de recopilaci\u00f3n de datos, a trav\u00e9s de scripts anti-bot<\/li><\/ul><p>Nos reservamos el derecho de modificar esta pol\u00edtica en cualquier momento.<br \/>Cualquier cambio en esta pol\u00edtica entrar\u00e1 en vigencia a partir de la fecha de publicaci\u00f3n en el Sitio.<\/p><h3>1.1 \u00bfQu\u00e9 tan pronto doy mi consentimiento para la aceptaci\u00f3n de cookies?<\/h3><p>Al cerrar el banner de informaci\u00f3n que se muestra en la primera visita al Sitio, al desplazarse por la p\u00e1gina o al hacer clic en cualquiera de sus elementos, usted acepta el uso de cookies.<\/p><h3>1.2 C\u00f3mo cambiar sus preferencias de cookies<\/h3><p>La mayor\u00eda de los navegadores aceptan autom\u00e1ticamente las cookies, pero el usuario normalmente puede cambiar la configuraci\u00f3n para desactivar esta funci\u00f3n. Es posible bloquear todo tipo de cookies o aceptar recibir solo algunas y desactivar otras. La secci\u00f3n \u00abOpciones\u00bb o \u00abPreferencias\u00bb en el men\u00fa del navegador le permite evitar recibir cookies y otras tecnolog\u00edas de seguimiento de usuarios, y c\u00f3mo recibir notificaciones del navegador sobre la activaci\u00f3n de estas tecnolog\u00edas. Alternativamente, tambi\u00e9n puede consultar la secci\u00f3n \u00abAyuda\u00bb de la barra de herramientas presente en la mayor\u00eda de los navegadores.<br \/>Tambi\u00e9n puede seleccionar el navegador que est\u00e1 utilizando de la lista a continuaci\u00f3n y seguir las instrucciones: <br \/>Internet Explorer: <a href=\"http:\/\/windows.microsoft.com\/it-it\/internet-explorer\/delete-manage-cookies\" target=\"_blank\" rel=\"noopener\"> http:\/\/windows.microsoft.com\/it- com \/ internet-explorer \/ borrado de administrar cookies <\/a> <br \/>Google Chrome: <a href=\"https:\/\/support.google.com\/chrome\/answer\/95647\" target=\"_blank\" rel=\"noopener\"> https:\/\/support.google.com\/chrome\/answer\/95647 <\/a> &lt; br&gt;<br \/>Safari de Apple: <a href=\"https:\/\/support.apple.com\/it-it\/HT201265\" target=\"_blank\" rel=\"noopener\"> https:\/\/support.apple.com\/it-it\/HT201265 <\/a> &lt; br&gt;<br \/>Mozilla Firefox: <a href=\"https:\/\/support.mozilla.org\/it\/kb\/Gestione%20dei%20cookie\" target=\"_blank\" rel=\"noopener\"> https:\/\/support.mozilla.org\/it\/kb\/Gestione% 20dei% 20cookie <\/a> <br \/>Opera: <a href=\"http:\/\/help.opera.com\/Windows\/10.00\/it\/cookies.html\" target=\"_blank\" rel=\"noopener\"> http:\/\/help.opera.com\/Windows\/10.00\/it\/cookies .html <\/a> <\/p><p>Desde dispositivo m\u00f3vil:<br \/>Android: <a href=\"https:\/\/support.google.com\/chrome\/answer\/95647\" target=\"_blank\" rel=\"noopener\"> https:\/\/support.google.com\/chrome\/answer\/95647 <\/a> <br \/>Safari: <a href=\"https:\/\/support.apple.com\/it-it\/HT201265\" target=\"_blank\" rel=\"noopener\"> https:\/\/support.apple.com\/it-it\/HT201265 <\/a> <br \/>Windows Phone: <a href=\"http:\/\/windows.microsoft.com\/it-it\/internet-explorer\/delete-manage-cookies\" target=\"_blank\" rel=\"noopener\"> http:\/\/windows.microsoft.com\/it- com \/ internet-explorer \/ borrado de administrar cookies <\/a> <\/p><p>Para obtener m\u00e1s informaci\u00f3n sobre las cookies y para gestionar las preferencias de cookies (primera y \/ o tercera parte), los usuarios tambi\u00e9n est\u00e1n invitados a visitar la plataforma www.youronlinechoices.com. Sin embargo, tenga en cuenta que deshabilitar la navegaci\u00f3n o las cookies funcionales puede causar un mal funcionamiento del Sitio y \/ o limitar el servicio ofrecido.<\/p><h2>2. Cookies t\u00e9cnicas<\/h2><p>Las cookies t\u00e9cnicas son aquellas utilizadas con el \u00fanico prop\u00f3sito de llevar a cabo la transmisi\u00f3n de una comunicaci\u00f3n a trav\u00e9s de una red de comunicaciones electr\u00f3nicas, o en la medida estrictamente necesaria para que el proveedor de un servicio de la sociedad de la informaci\u00f3n solicite expl\u00edcitamente por el suscriptor o usuario para proporcionar dicha comunicaci\u00f3n. servicio.<br \/>No se utilizan para otros fines y normalmente son instalados directamente por el propietario u operador del sitio web.<br \/>Se pueden dividir en cookies de navegaci\u00f3n o sesi\u00f3n, que garantizan la navegaci\u00f3n y el uso normales del sitio web (permitiendo, por ejemplo, realizar una compra o autenticar para acceder a \u00e1reas restringidas).<\/p><p>Las cookies t\u00e9cnicas proporcionadas por el Sitio son:<\/p><ul><li>Cookies de sesi\u00f3n<br \/>Se utilizan para administrar el inicio de sesi\u00f3n y el acceso a las funciones reservadas del sitio. Su desactivaci\u00f3n compromete el uso de servicios accesibles mediante inicio de sesi\u00f3n.<\/li><\/ul><h2>3. Cookies de creaci\u00f3n de perfiles de origen<\/h2><p>El sitio no utiliza cookies de creaci\u00f3n de perfiles propias. <\/p><h2>4. Cookies de perfil de terceros<\/h2><p>Las cookies de terceros son configuradas por un dominio diferente al visitado por el usuario. Si un usuario visita un sitio y una compa\u00f1\u00eda diferente env\u00eda la informaci\u00f3n a trav\u00e9s de ese sitio, hay cookies de terceros. <\/p><p>El Sitio proporciona el uso de las siguientes cookies de perfiles de terceros: <\/p><p><br \/><strong> Cookie de Google Analytics <\/strong> <br \/>Nuestras p\u00e1ginas utilizan cookies de rendimiento de terceros de Google Analytics (servicio ofrecido por Google, Inc.) para permitirnos recopilar de forma an\u00f3nima y examinar el comportamiento de los visitantes durante el uso del sitio y mejorar su usabilidad y experiencia del usuario Mediante el uso del panel de Google Analytics, es posible entender si las visitas fueron realizadas por visitantes nuevos o recurrentes al verificar c\u00f3mo se navegaban las p\u00e1ginas (entrada, enlaces de salida, movimiento entre p\u00e1ginas, tiempo dedicado, origen geogr\u00e1fico, etc &#8230;). <br \/>Para obtener m\u00e1s informaci\u00f3n relacionada con Google Analytics, puede consultar los sitios web: <br \/><a href=\"https:\/\/www.google.it\/policies\/privacy\/partners\/\" target=\"_blank\" rel=\"noopener\"> https:\/\/www.google.it\/policies\/privacy\/partners\/ <\/a> <br \/><a href=\"https:\/\/developers.google.com\/analytics\/devguides\/collection\/analyticsjs\/cookie-usage\" target=\"_blank\" rel=\"noopener\"> https:\/\/developers.google.com\/analytics\/devguides\/collection\/analyticsjs \/ galleta-uso <\/a> <\/p><p>Puede deshabilitar la acci\u00f3n de Google Analytics a trav\u00e9s de las herramientas proporcionadas por Google. <br \/>Para obtener informaci\u00f3n sobre esto, consulte el sitio: <br \/><a href=\"https:\/\/tools.google.com\/dlpage\/gaoptout\" target=\"_blank\" rel=\"noopener\"> https:\/\/tools.google.com\/dlpage\/gaoptout <\/a> <br \/><br \/><\/p><p><br \/><strong> Cookies de widgets sociales <\/strong> <br \/>Algunos widgets puestos a disposici\u00f3n por las redes sociales (por ejemplo, Facebook, Twitter, YouTube, Google Maps, etc.) pueden usar sus propias cookies de terceros. La desactivaci\u00f3n no compromete el uso del sitio, excepto en las secciones donde se pueden instalar widgets (por ejemplo, para la integraci\u00f3n de video o mapa) y, en algunos casos, la posibilidad de compartir contenido r\u00e1pidamente o la posibilidad de comentar en ciertas \u00e1reas del sitio . <br \/>Facebook &#8211; Informaci\u00f3n: <a href=\"https:\/\/www.facebook.com\/help\/cookies\/\" target=\"_blank\" rel=\"noopener\"> https:\/\/www.facebook.com\/help\/cookies\/ <\/a> <br \/>Facebook &#8211; Configuraci\u00f3n: <em> inicie sesi\u00f3n en su cuenta. Secci\u00f3n de privacidad. <\/em> <br \/>Twitter &#8211; Informaci\u00f3n: <a href=\"https:\/\/support.twitter.com\/articles\/20170514\" target=\"_blank\" rel=\"noopener\"> https:\/\/support.twitter.com\/articles\/20170514 <\/a> <br \/><br \/>Twitter &#8211; Configuraci\u00f3n: <a href=\"https:\/\/twitter.com\/settings\/security\" target=\"_blank\" rel=\"noopener\"> https:\/\/twitter.com\/settings\/security <\/a> <br \/>Linkedin &#8211; Informaci\u00f3n: <a href=\"https:\/\/www.linkedin.com\/legal\/cookie-policy\" target=\"_blank\" rel=\"noopener\"> https:\/\/www.linkedin.com\/legal\/cookie-policy <\/a> <br \/>Linkedin &#8211; Configuraci\u00f3n: <a href=\"https:\/\/www.linkedin.com\/settings\/\" target=\"_blank\" rel=\"noopener\"> https:\/\/www.linkedin.com\/settings\/ <\/a> <br \/>Google+ &#8211; Informaci\u00f3n: <a href=\"http:\/\/www.google.it\/intl\/it\/policies\/technologies\/cookies\/\" target=\"_blank\" rel=\"noopener\"> http:\/\/www.google.it\/intl\/it\/ pol\u00edticas \/ tecnolog\u00edas \/ galletas \/ <\/a> <br \/>Google+ &#8211; Configuraci\u00f3n: <a href=\"http:\/\/www.google.it\/intl\/it\/policies\/technologies\/managing\/\" target=\"_blank\" rel=\"noopener\"> http:\/\/www.google.it\/intl\/it\/ pol\u00edticas \/ tecnolog\u00edas \/ gesti\u00f3n \/ <\/a> <br \/>Google Maps: informaci\u00f3n y configuraci\u00f3n de exclusi\u00f3n: <a href=\"https:\/\/maps.google.it\/intl\/it\/policies\/privacy\/\" target=\"_blank\" rel=\"noopener\"> https:\/\/maps.google.it\/ intl \/ es \/ pol\u00edticas \/ privacidad \/ <\/a> <br \/><br \/><strong> Cookies publicitarias <\/strong> <br \/>Se instalan cookies publicitarias para mostrar a los visitantes del sitio contenido relacionado con sus preferencias. Por lo tanto, pueden usarse para mostrar contenido publicitario dirigido a los intereses de la persona. Las cookies de este tipo funcionan en colaboraci\u00f3n con sitios de terceros y pueden realizar un seguimiento de la navegaci\u00f3n anterior en p\u00e1ginas en diferentes dominios. Las cookies de este tipo suelen realizar un seguimiento de la direcci\u00f3n IP del usuario adem\u00e1s de otra informaci\u00f3n, algunas de las cuales pueden ser personales.<\/p>\t\t\t\t\t\t\t\t<\/div>\n\t\t\t\t<\/div>\n\t\t\t\t\t<\/div>\n\t\t<\/div>\n\t\t\t\t\t<\/div>\n\t\t<\/section>\n\t\t\t\t<\/div>\n\t\t","protected":false},"excerpt":{"rendered":"<p>1. \u00bfQu\u00e9 son las cookies? Las cookies son fragmentos de texto que el sitio web visitado env\u00eda al usuario. Se almacenan en el disco duro de la computadora, lo que permite que el sitio web reconozca a los usuarios y almacene cierta informaci\u00f3n sobre ellos, a fin de permitir o mejorar el servicio ofrecido. Existen [&hellip;]<\/p>\n","protected":false},"author":2,"featured_media":0,"parent":0,"menu_order":0,"comment_status":"closed","ping_status":"closed","template":"","meta":{"_acf_changed":false,"footnotes":""},"class_list":["post-322","page","type-page","status-publish","hentry"],"acf":[],"yoast_head":"<!-- This site is optimized with the Yoast SEO plugin v26.8 - https:\/\/yoast.com\/product\/yoast-seo-wordpress\/ -->\n<title>Cookie policy - B&amp;B Casa Cantoniera<\/title>\n<meta name=\"robots\" content=\"index, follow, max-snippet:-1, max-image-preview:large, max-video-preview:-1\" \/>\n<link rel=\"canonical\" href=\"https:\/\/www.casacantoniera.como.it\/es\/cookie-policy\/\" \/>\n<meta property=\"og:locale\" content=\"es_ES\" \/>\n<meta property=\"og:type\" content=\"article\" \/>\n<meta property=\"og:title\" content=\"Cookie policy - B&amp;B Casa Cantoniera\" \/>\n<meta property=\"og:description\" content=\"1. \u00bfQu\u00e9 son las cookies? Las cookies son fragmentos de texto que el sitio web visitado env\u00eda al usuario. Se almacenan en el disco duro de la computadora, lo que permite que el sitio web reconozca a los usuarios y almacene cierta informaci\u00f3n sobre ellos, a fin de permitir o mejorar el servicio ofrecido. Existen [&hellip;]\" \/>\n<meta property=\"og:url\" content=\"https:\/\/www.casacantoniera.como.it\/es\/cookie-policy\/\" \/>\n<meta property=\"og:site_name\" content=\"B&amp;B Casa Cantoniera\" \/>\n<meta property=\"article:modified_time\" content=\"2020-05-04T08:30:22+00:00\" \/>\n<meta name=\"twitter:card\" content=\"summary_large_image\" \/>\n<meta name=\"twitter:label1\" content=\"Tiempo de lectura\" \/>\n\t<meta name=\"twitter:data1\" content=\"6 minutos\" \/>\n<script type=\"application\/ld+json\" class=\"yoast-schema-graph\">{\"@context\":\"https:\/\/schema.org\",\"@graph\":[{\"@type\":\"WebPage\",\"@id\":\"https:\/\/www.casacantoniera.como.it\/es\/cookie-policy\/\",\"url\":\"https:\/\/www.casacantoniera.como.it\/es\/cookie-policy\/\",\"name\":\"Cookie policy - B&amp;B Casa Cantoniera\",\"isPartOf\":{\"@id\":\"https:\/\/www.casacantoniera.como.it\/#website\"},\"datePublished\":\"2020-03-03T12:51:34+00:00\",\"dateModified\":\"2020-05-04T08:30:22+00:00\",\"breadcrumb\":{\"@id\":\"https:\/\/www.casacantoniera.como.it\/es\/cookie-policy\/#breadcrumb\"},\"inLanguage\":\"es\",\"potentialAction\":[{\"@type\":\"ReadAction\",\"target\":[\"https:\/\/www.casacantoniera.como.it\/es\/cookie-policy\/\"]}]},{\"@type\":\"BreadcrumbList\",\"@id\":\"https:\/\/www.casacantoniera.como.it\/es\/cookie-policy\/#breadcrumb\",\"itemListElement\":[{\"@type\":\"ListItem\",\"position\":1,\"name\":\"Home\",\"item\":\"https:\/\/www.casacantoniera.como.it\/es\/\"},{\"@type\":\"ListItem\",\"position\":2,\"name\":\"Cookie policy\"}]},{\"@type\":\"WebSite\",\"@id\":\"https:\/\/www.casacantoniera.como.it\/#website\",\"url\":\"https:\/\/www.casacantoniera.como.it\/\",\"name\":\"B&amp;B Casa Cantoniera\",\"description\":\"B&amp;B Casa Cantoniera\",\"potentialAction\":[{\"@type\":\"SearchAction\",\"target\":{\"@type\":\"EntryPoint\",\"urlTemplate\":\"https:\/\/www.casacantoniera.como.it\/?s={search_term_string}\"},\"query-input\":{\"@type\":\"PropertyValueSpecification\",\"valueRequired\":true,\"valueName\":\"search_term_string\"}}],\"inLanguage\":\"es\"}]}<\/script>\n<!-- \/ Yoast SEO plugin. -->","yoast_head_json":{"title":"Cookie policy - B&amp;B Casa Cantoniera","robots":{"index":"index","follow":"follow","max-snippet":"max-snippet:-1","max-image-preview":"max-image-preview:large","max-video-preview":"max-video-preview:-1"},"canonical":"https:\/\/www.casacantoniera.como.it\/es\/cookie-policy\/","og_locale":"es_ES","og_type":"article","og_title":"Cookie policy - B&amp;B Casa Cantoniera","og_description":"1. \u00bfQu\u00e9 son las cookies? Las cookies son fragmentos de texto que el sitio web visitado env\u00eda al usuario. Se almacenan en el disco duro de la computadora, lo que permite que el sitio web reconozca a los usuarios y almacene cierta informaci\u00f3n sobre ellos, a fin de permitir o mejorar el servicio ofrecido. Existen [&hellip;]","og_url":"https:\/\/www.casacantoniera.como.it\/es\/cookie-policy\/","og_site_name":"B&amp;B Casa Cantoniera","article_modified_time":"2020-05-04T08:30:22+00:00","twitter_card":"summary_large_image","twitter_misc":{"Tiempo de lectura":"6 minutos"},"schema":{"@context":"https:\/\/schema.org","@graph":[{"@type":"WebPage","@id":"https:\/\/www.casacantoniera.como.it\/es\/cookie-policy\/","url":"https:\/\/www.casacantoniera.como.it\/es\/cookie-policy\/","name":"Cookie policy - B&amp;B Casa Cantoniera","isPartOf":{"@id":"https:\/\/www.casacantoniera.como.it\/#website"},"datePublished":"2020-03-03T12:51:34+00:00","dateModified":"2020-05-04T08:30:22+00:00","breadcrumb":{"@id":"https:\/\/www.casacantoniera.como.it\/es\/cookie-policy\/#breadcrumb"},"inLanguage":"es","potentialAction":[{"@type":"ReadAction","target":["https:\/\/www.casacantoniera.como.it\/es\/cookie-policy\/"]}]},{"@type":"BreadcrumbList","@id":"https:\/\/www.casacantoniera.como.it\/es\/cookie-policy\/#breadcrumb","itemListElement":[{"@type":"ListItem","position":1,"name":"Home","item":"https:\/\/www.casacantoniera.como.it\/es\/"},{"@type":"ListItem","position":2,"name":"Cookie policy"}]},{"@type":"WebSite","@id":"https:\/\/www.casacantoniera.como.it\/#website","url":"https:\/\/www.casacantoniera.como.it\/","name":"B&amp;B Casa Cantoniera","description":"B&amp;B Casa Cantoniera","potentialAction":[{"@type":"SearchAction","target":{"@type":"EntryPoint","urlTemplate":"https:\/\/www.casacantoniera.como.it\/?s={search_term_string}"},"query-input":{"@type":"PropertyValueSpecification","valueRequired":true,"valueName":"search_term_string"}}],"inLanguage":"es"}]}},"_links":{"self":[{"href":"https:\/\/www.casacantoniera.como.it\/es\/wp-json\/wp\/v2\/pages\/322","targetHints":{"allow":["GET"]}}],"collection":[{"href":"https:\/\/www.casacantoniera.como.it\/es\/wp-json\/wp\/v2\/pages"}],"about":[{"href":"https:\/\/www.casacantoniera.como.it\/es\/wp-json\/wp\/v2\/types\/page"}],"author":[{"embeddable":true,"href":"https:\/\/www.casacantoniera.como.it\/es\/wp-json\/wp\/v2\/users\/2"}],"replies":[{"embeddable":true,"href":"https:\/\/www.casacantoniera.como.it\/es\/wp-json\/wp\/v2\/comments?post=322"}],"version-history":[{"count":4,"href":"https:\/\/www.casacantoniera.como.it\/es\/wp-json\/wp\/v2\/pages\/322\/revisions"}],"predecessor-version":[{"id":1029,"href":"https:\/\/www.casacantoniera.como.it\/es\/wp-json\/wp\/v2\/pages\/322\/revisions\/1029"}],"wp:attachment":[{"href":"https:\/\/www.casacantoniera.como.it\/es\/wp-json\/wp\/v2\/media?parent=322"}],"curies":[{"name":"wp","href":"https:\/\/api.w.org\/{rel}","templated":true}]}}