{"id":321,"date":"2020-03-03T13:51:31","date_gmt":"2020-03-03T12:51:31","guid":{"rendered":"https:\/\/www.casacantoniera.como.it\/?page_id=321"},"modified":"2020-05-04T10:30:11","modified_gmt":"2020-05-04T08:30:11","slug":"cookie-policy","status":"publish","type":"page","link":"https:\/\/www.casacantoniera.como.it\/de\/cookie-policy\/","title":{"rendered":"Cookie policy"},"content":{"rendered":"\t\t<div data-elementor-type=\"wp-page\" data-elementor-id=\"321\" class=\"elementor elementor-321 elementor-28\">\n\t\t\t\t\t\t<section class=\"elementor-section elementor-top-section elementor-element elementor-element-62ebe72 elementor-section-boxed elementor-section-height-default elementor-section-height-default\" data-id=\"62ebe72\" data-element_type=\"section\" data-e-type=\"section\">\n\t\t\t\t\t\t<div class=\"elementor-container elementor-column-gap-default\">\n\t\t\t\t\t<div class=\"elementor-column elementor-col-100 elementor-top-column elementor-element elementor-element-0d1e124\" data-id=\"0d1e124\" data-element_type=\"column\" data-e-type=\"column\">\n\t\t\t<div class=\"elementor-widget-wrap elementor-element-populated\">\n\t\t\t\t\t\t<div class=\"elementor-element elementor-element-f780a68 elementor-widget elementor-widget-text-editor\" data-id=\"f780a68\" data-element_type=\"widget\" data-e-type=\"widget\" data-widget_type=\"text-editor.default\">\n\t\t\t\t<div class=\"elementor-widget-container\">\n\t\t\t\t\t\t\t\t\t<h2>1. Was sind Cookies?<\/h2><p>Cookies sind Textfragmente, die von der besuchten Website an den Benutzer gesendet werden. Sie werden auf der Festplatte des Computers gespeichert, sodass die Website Benutzer erkennen und bestimmte Informationen \u00fcber sie speichern kann, um den angebotenen Dienst zuzulassen oder zu verbessern.<br \/>Es gibt verschiedene Arten von Cookies. Einige sind erforderlich, um die Website durchsuchen zu k\u00f6nnen, andere dienen anderen Zwecken, z. B. der Gew\u00e4hrleistung der internen Sicherheit, der Verwaltung des Systems, der Durchf\u00fchrung statistischer Analysen, dem Verst\u00e4ndnis, welche Abschnitte der Website f\u00fcr Benutzer am interessantesten sind, oder dem Anbieten eines personalisierten Besuchs der Website.<br \/>Die Website verwendet technische Cookies und Cookies zur Profilerstellung. Das Vorstehende bezieht sich sowohl auf den Computer des Benutzers als auch auf jedes andere Ger\u00e4t, mit dem der Benutzer eine Verbindung zur Site herstellen kann.<\/p><p>Unsere Cookies erm\u00f6glichen Ihnen insbesondere Folgendes:<\/p><ul><li>Speichern Sie Ihre Einstellungen<\/li><li>Vermeiden Sie es, die gleichen Informationen wie Benutzername und Passwort w\u00e4hrend des Besuchs mehrmals einzugeben.<\/li><li>analysieren die Nutzung der von der Website bereitgestellten Dienste und Inhalte, um das Surferlebnis und die angebotenen Dienste zu optimieren.<\/li><li>Gew\u00e4hrleistung der Sicherheit beim Einf\u00fcgen von Datenerfassungsformularen durch Anti-Bot-Skripte<\/li><\/ul><p>Wir behalten uns das Recht vor, diese Richtlinie jederzeit zu \u00e4ndern.<br \/>Jede \u00c4nderung dieser Richtlinie wird ab dem Datum der Ver\u00f6ffentlichung auf der Website wirksam.<\/p><h3>1.1 Wie schnell stimme ich der Annahme von Cookies zu?<\/h3><p>Indem Sie das beim ersten Besuch der Website angezeigte Informationsbanner schlie\u00dfen, durch die Seite scrollen oder auf eines der Elemente klicken, stimmen Sie der Verwendung von Cookies zu.<\/p><h3>1.2 So \u00e4ndern Sie Ihre Cookie-Einstellungen:<\/h3><p>Die meisten Browser akzeptieren Cookies automatisch, aber der Benutzer kann normalerweise die Einstellungen \u00e4ndern, um diese Funktion zu deaktivieren. Es ist m\u00f6glich, alle Arten von Cookies zu blockieren oder nur einige zu akzeptieren und andere zu deaktivieren. Im Abschnitt &#8222;Optionen&#8220; oder &#8222;Einstellungen&#8220; des Browsermen\u00fcs k\u00f6nnen Sie verhindern, dass Cookies und andere Technologien zur Benutzerverfolgung empfangen werden. Au\u00dferdem erfahren Sie, wie Sie vom Browser \u00fcber die Aktivierung dieser Technologien benachrichtigt werden. Alternativ k\u00f6nnen Sie auch den Abschnitt &#8222;Hilfe&#8220; der Symbolleiste aufrufen, der in den meisten Browsern vorhanden ist.<br \/>Sie k\u00f6nnen auch den von Ihnen verwendeten Browser aus der folgenden Liste ausw\u00e4hlen und den Anweisungen folgen:<br \/>Internet Explorer: <a href=\"http:\/\/windows.microsoft.com\/it-it\/internet-explorer\/delete-manage-cookies\" target=\"_blank\" rel=\"noopener\"> http:\/\/windows.microsoft.com\/it- com \/ Internet-Explorer \/ delete-manage-Cookies <\/a><br \/>Google Chrome: <a href=\"https:\/\/support.google.com\/chrome\/answer\/95647\" target=\"_blank\" rel=\"noopener\"> https:\/\/support.google.com\/chrome\/answer\/95647 <\/a><br \/>Apple Safari: <a href=\"https:\/\/support.apple.com\/it-it\/HT201265\" target=\"_blank\" rel=\"noopener\"> https:\/\/support.apple.com\/it-it\/HT201265 <\/a><br \/>Mozilla Firefox: <a href=\"https:\/\/support.mozilla.org\/it\/kb\/Gestione%20dei%20cookie\" target=\"_blank\" rel=\"noopener\"> https:\/\/support.mozilla.org\/it\/kb\/Gestione% 20dei% 20cookie <\/a><br \/>Opera: <a href=\"http:\/\/help.opera.com\/Windows\/10.00\/it\/cookies.html\" target=\"_blank\" rel=\"noopener\"> http:\/\/help.opera.com\/Windows\/10.00\/it\/cookies .html <\/a><\/p><p>Vom mobilen Ger\u00e4t:<br \/>Android: <a href=\"https:\/\/support.google.com\/chrome\/answer\/95647\" target=\"_blank\" rel=\"noopener\"> https:\/\/support.google.com\/chrome\/answer\/95647 <\/a><br \/>Safari: <a href=\"https:\/\/support.apple.com\/it-it\/HT201265\" target=\"_blank\" rel=\"noopener\"> https:\/\/support.apple.com\/it-it\/HT201265 <\/a><br \/>Windows Phone: <a href=\"http:\/\/windows.microsoft.com\/it-it\/internet-explorer\/delete-manage-cookies\" target=\"_blank\" rel=\"noopener\"> http:\/\/windows.microsoft.com\/it- com \/ Internet-Explorer \/ delete-manage-Cookies <\/a><\/p><p>Weitere Informationen zu Cookies und zur Verwaltung der Cookie-Einstellungen (erste und \/ oder dritte Partei) erhalten Benutzer auch auf der Plattform www.youronlinechoices.com. Beachten Sie jedoch, dass das Deaktivieren von Navigations- oder Funktionscookies zu Fehlfunktionen der Website und \/ oder zur Einschr\u00e4nkung des angebotenen Dienstes f\u00fchren kann.<\/p><h2>2. Technische Cookies<\/h2><p>Technische Cookies sind solche, die ausschlie\u00dflich zum Zweck der \u00dcbertragung einer Kommunikation \u00fcber ein elektronisches Kommunikationsnetz verwendet werden oder in dem Umfang, der f\u00fcr den Anbieter eines Dienstes der Informationsgesellschaft, den der Abonnent oder Benutzer ausdr\u00fccklich dazu auffordert, unbedingt erforderlich ist Service.<br \/>Sie werden nicht f\u00fcr andere Zwecke verwendet und normalerweise direkt vom Eigent\u00fcmer oder Betreiber der Website installiert.<br \/>Sie k\u00f6nnen in Navigations- oder Sitzungs-Cookies unterteilt werden, die die normale Navigation und Nutzung der Website gew\u00e4hrleisten (z. B. um einen Kauf zu t\u00e4tigen oder sich f\u00fcr den Zugriff auf eingeschr\u00e4nkte Bereiche zu authentifizieren).<br \/>Die von der Site bereitgestellten technischen Cookies sind:<\/p><ul><li>Sitzungscookies<br \/>Sie dienen zur Verwaltung des Logins und des Zugriffs auf die reservierten Funktionen der Site. Ihre Deaktivierung beeintr\u00e4chtigt die Nutzung von Diensten, auf die \u00fcber die Anmeldung zugegriffen werden kann.<\/li><\/ul><h2>3. Profiling-Cookies von Erstanbietern<\/h2><p>Die Website verwendet keine Profiling-Cookies von Erstanbietern.<\/p><h2>4. Profiling-Cookies von Drittanbietern<\/h2><p>Cookies von Drittanbietern werden von einer anderen Domain als der vom Benutzer besuchten Domain gesetzt. Wenn ein Benutzer eine Website besucht und ein anderes Unternehmen die Informationen \u00fcber diese Website sendet, sind Cookies von Drittanbietern vorhanden.<\/p><p>Die Website bietet die Verwendung der folgenden Drittanbieter-Cookies f\u00fcr die Profilerstellung:<br \/><br \/><strong> Google Analytics-Cookies: <\/strong><br \/>Unsere Seiten verwenden Leistungscookies von Google Analytics (von Google, Inc. angebotener Dienst) von Drittanbietern, um anonym zu erfassen und das Verhalten von Besuchern w\u00e4hrend der Nutzung der Website zu untersuchen und deren Benutzerfreundlichkeit zu verbessern Benutzererfahrung. Mithilfe des Google Analytics-Bedienfelds k\u00f6nnen Sie nachvollziehen, ob die Besuche von neuen oder wiederkehrenden Besuchern erfolgten, indem Sie \u00fcberpr\u00fcfen, wie die Seiten navigiert wurden (Einstieg, Ausstiegslinks, Bewegung zwischen Seiten, Zeitaufwand, geografische Herkunft usw &#8230;).<br \/>Weitere Informationen zu Google Analytics finden Sie auf den Websites:<br \/><a href=\"https:\/\/www.google.it\/policies\/privacy\/partners\/\" target=\"_blank\" rel=\"noopener\"> https:\/\/www.google.it\/policies\/privacy\/partners\/ <\/a><br \/><a href=\"https:\/\/developers.google.com\/analytics\/devguides\/collection\/analyticsjs\/cookie-usage\" target=\"_blank\" rel=\"noopener\"> https:\/\/developers.google.com\/analytics\/devguides\/collection\/analyticsjs \/ Cookie-Nutzung <\/a><br \/>Es ist m\u00f6glich, die Aktion von Google Analytics \u00fcber die von Google bereitgestellten Tools zu deaktivieren.<br \/>Informationen dazu finden Sie auf der Website:<br \/><a href=\"https:\/\/tools.google.com\/dlpage\/gaoptout\" target=\"_blank\" rel=\"noopener\"> https:\/\/tools.google.com\/dlpage\/gaoptout <\/a><br \/><br \/><strong> Cookies f\u00fcr soziale Widget: <\/strong><br \/>Einige von sozialen Netzwerken zur Verf\u00fcgung gestellte Widgets (z. B. Facebook, Twitter, YouTube, Google Maps usw.) k\u00f6nnen eigene Cookies von Drittanbietern verwenden. Die Deaktivierung beeintr\u00e4chtigt die Nutzung der Website nicht, es sei denn, in den Abschnitten, in denen Widgets installiert werden k\u00f6nnen (z. B. f\u00fcr die Video- oder Kartenintegration), und in einigen F\u00e4llen die M\u00f6glichkeit einer schnellen Weitergabe von Inhalten oder die M\u00f6glichkeit, bestimmte Bereiche der Website zu kommentieren .<br \/>Facebook &#8211; Informationen: <a href=\"https:\/\/www.facebook.com\/help\/cookies\/\" target=\"_blank\" rel=\"noopener\"> https:\/\/www.facebook.com\/help\/cookies\/ <\/a><br \/>Facebook &#8211; Konfiguration: <em> Loggen Sie sich in Ihr Konto ein. Datenschutzbereich. <\/em><br \/>Twitter &#8211; Informationen: <a href=\"https:\/\/support.twitter.com\/articles\/20170514\" target=\"_blank\" rel=\"noopener\"> https:\/\/support.twitter.com\/articles\/20170514 <\/a><br \/>Twitter &#8211; Konfiguration: <a href=\"https:\/\/twitter.com\/settings\/security\" target=\"_blank\" rel=\"noopener\"> https:\/\/twitter.com\/settings\/security <\/a><br \/>Linkedin &#8211; Informationen: <a href=\"https:\/\/www.linkedin.com\/legal\/cookie-policy\" target=\"_blank\" rel=\"noopener\"> https:\/\/www.linkedin.com\/legal\/cookie-policy <\/a><br \/>Linkedin &#8211; Konfiguration: <a href=\"https:\/\/www.linkedin.com\/settings\/\" target=\"_blank\" rel=\"noopener\"> https:\/\/www.linkedin.com\/settings\/ <\/a><br \/>Google+ &#8211; Informationen: <a href=\"http:\/\/www.google.it\/intl\/it\/policies\/technologies\/cookies\/\" target=\"_blank\" rel=\"noopener\"> http:\/\/www.google.it\/intl\/it\/ Politik \/ technologies \/ Cookies \/ <\/a><br \/>Google+ &#8211; Konfiguration: <a href=\"http:\/\/www.google.it\/intl\/it\/policies\/technologies\/managing\/\" target=\"_blank\" rel=\"noopener\"> http:\/\/www.google.it\/intl\/it\/ Politik \/ technologies \/ Verwaltung \/ <\/a><br \/>Google Maps &#8211; Informationen und Konfiguration zum Deaktivieren: <a href=\"https:\/\/maps.google.it\/intl\/it\/policies\/privacy\/\" target=\"_blank\" rel=\"noopener\"> https:\/\/maps.google.it\/ intl \/ en \/ policies \/ privacy \/ <\/a><br \/><br \/><strong> Werbe-Cookies: <\/strong><br \/>Werbe-Cookies werden installiert, um den Inhalt der Website-Besucher in Bezug auf ihre Vorlieben anzuzeigen. Sie k\u00f6nnen daher verwendet werden, um Werbeinhalte anzuzeigen, die auf die Interessen der Person ausgerichtet sind. Cookies dieser Art arbeiten mit Websites von Drittanbietern zusammen und k\u00f6nnen das vergangene Surfen auf Seiten in verschiedenen Dom\u00e4nen verfolgen. Cookies dieses Typs erfassen in der Regel neben anderen Informationen, von denen einige m\u00f6glicherweise pers\u00f6nlich sind, auch die IP-Adresse des Benutzers.<\/p>\t\t\t\t\t\t\t\t<\/div>\n\t\t\t\t<\/div>\n\t\t\t\t\t<\/div>\n\t\t<\/div>\n\t\t\t\t\t<\/div>\n\t\t<\/section>\n\t\t\t\t<\/div>\n\t\t","protected":false},"excerpt":{"rendered":"<p>1. Was sind Cookies? Cookies sind Textfragmente, die von der besuchten Website an den Benutzer gesendet werden. Sie werden auf der Festplatte des Computers gespeichert, sodass die Website Benutzer erkennen und bestimmte Informationen \u00fcber sie speichern kann, um den angebotenen Dienst zuzulassen oder zu verbessern. Es gibt verschiedene Arten von Cookies. Einige sind erforderlich, um [&hellip;]<\/p>\n","protected":false},"author":2,"featured_media":0,"parent":0,"menu_order":0,"comment_status":"closed","ping_status":"closed","template":"","meta":{"_acf_changed":false,"footnotes":""},"class_list":["post-321","page","type-page","status-publish","hentry"],"acf":[],"yoast_head":"<!-- This site is optimized with the Yoast SEO plugin v26.8 - https:\/\/yoast.com\/product\/yoast-seo-wordpress\/ -->\n<title>Cookie policy - B&amp;B Casa Cantoniera<\/title>\n<meta name=\"robots\" content=\"index, follow, max-snippet:-1, max-image-preview:large, max-video-preview:-1\" \/>\n<link rel=\"canonical\" href=\"https:\/\/www.casacantoniera.como.it\/de\/cookie-policy\/\" \/>\n<meta property=\"og:locale\" content=\"de_DE\" \/>\n<meta property=\"og:type\" content=\"article\" \/>\n<meta property=\"og:title\" content=\"Cookie policy - B&amp;B Casa Cantoniera\" \/>\n<meta property=\"og:description\" content=\"1. Was sind Cookies? Cookies sind Textfragmente, die von der besuchten Website an den Benutzer gesendet werden. Sie werden auf der Festplatte des Computers gespeichert, sodass die Website Benutzer erkennen und bestimmte Informationen \u00fcber sie speichern kann, um den angebotenen Dienst zuzulassen oder zu verbessern. Es gibt verschiedene Arten von Cookies. Einige sind erforderlich, um [&hellip;]\" \/>\n<meta property=\"og:url\" content=\"https:\/\/www.casacantoniera.como.it\/de\/cookie-policy\/\" \/>\n<meta property=\"og:site_name\" content=\"B&amp;B Casa Cantoniera\" \/>\n<meta property=\"article:modified_time\" content=\"2020-05-04T08:30:11+00:00\" \/>\n<meta name=\"twitter:card\" content=\"summary_large_image\" \/>\n<meta name=\"twitter:label1\" content=\"Gesch\u00e4tzte Lesezeit\" \/>\n\t<meta name=\"twitter:data1\" content=\"5\u00a0Minuten\" \/>\n<script type=\"application\/ld+json\" class=\"yoast-schema-graph\">{\"@context\":\"https:\/\/schema.org\",\"@graph\":[{\"@type\":\"WebPage\",\"@id\":\"https:\/\/www.casacantoniera.como.it\/de\/cookie-policy\/\",\"url\":\"https:\/\/www.casacantoniera.como.it\/de\/cookie-policy\/\",\"name\":\"Cookie policy - B&amp;B Casa Cantoniera\",\"isPartOf\":{\"@id\":\"https:\/\/www.casacantoniera.como.it\/#website\"},\"datePublished\":\"2020-03-03T12:51:31+00:00\",\"dateModified\":\"2020-05-04T08:30:11+00:00\",\"breadcrumb\":{\"@id\":\"https:\/\/www.casacantoniera.como.it\/de\/cookie-policy\/#breadcrumb\"},\"inLanguage\":\"de\",\"potentialAction\":[{\"@type\":\"ReadAction\",\"target\":[\"https:\/\/www.casacantoniera.como.it\/de\/cookie-policy\/\"]}]},{\"@type\":\"BreadcrumbList\",\"@id\":\"https:\/\/www.casacantoniera.como.it\/de\/cookie-policy\/#breadcrumb\",\"itemListElement\":[{\"@type\":\"ListItem\",\"position\":1,\"name\":\"Home\",\"item\":\"https:\/\/www.casacantoniera.como.it\/de\/\"},{\"@type\":\"ListItem\",\"position\":2,\"name\":\"Cookie policy\"}]},{\"@type\":\"WebSite\",\"@id\":\"https:\/\/www.casacantoniera.como.it\/#website\",\"url\":\"https:\/\/www.casacantoniera.como.it\/\",\"name\":\"B&amp;B Casa Cantoniera\",\"description\":\"B&amp;B Casa Cantoniera\",\"potentialAction\":[{\"@type\":\"SearchAction\",\"target\":{\"@type\":\"EntryPoint\",\"urlTemplate\":\"https:\/\/www.casacantoniera.como.it\/?s={search_term_string}\"},\"query-input\":{\"@type\":\"PropertyValueSpecification\",\"valueRequired\":true,\"valueName\":\"search_term_string\"}}],\"inLanguage\":\"de\"}]}<\/script>\n<!-- \/ Yoast SEO plugin. -->","yoast_head_json":{"title":"Cookie policy - B&amp;B Casa Cantoniera","robots":{"index":"index","follow":"follow","max-snippet":"max-snippet:-1","max-image-preview":"max-image-preview:large","max-video-preview":"max-video-preview:-1"},"canonical":"https:\/\/www.casacantoniera.como.it\/de\/cookie-policy\/","og_locale":"de_DE","og_type":"article","og_title":"Cookie policy - B&amp;B Casa Cantoniera","og_description":"1. Was sind Cookies? Cookies sind Textfragmente, die von der besuchten Website an den Benutzer gesendet werden. Sie werden auf der Festplatte des Computers gespeichert, sodass die Website Benutzer erkennen und bestimmte Informationen \u00fcber sie speichern kann, um den angebotenen Dienst zuzulassen oder zu verbessern. Es gibt verschiedene Arten von Cookies. Einige sind erforderlich, um [&hellip;]","og_url":"https:\/\/www.casacantoniera.como.it\/de\/cookie-policy\/","og_site_name":"B&amp;B Casa Cantoniera","article_modified_time":"2020-05-04T08:30:11+00:00","twitter_card":"summary_large_image","twitter_misc":{"Gesch\u00e4tzte Lesezeit":"5\u00a0Minuten"},"schema":{"@context":"https:\/\/schema.org","@graph":[{"@type":"WebPage","@id":"https:\/\/www.casacantoniera.como.it\/de\/cookie-policy\/","url":"https:\/\/www.casacantoniera.como.it\/de\/cookie-policy\/","name":"Cookie policy - B&amp;B Casa Cantoniera","isPartOf":{"@id":"https:\/\/www.casacantoniera.como.it\/#website"},"datePublished":"2020-03-03T12:51:31+00:00","dateModified":"2020-05-04T08:30:11+00:00","breadcrumb":{"@id":"https:\/\/www.casacantoniera.como.it\/de\/cookie-policy\/#breadcrumb"},"inLanguage":"de","potentialAction":[{"@type":"ReadAction","target":["https:\/\/www.casacantoniera.como.it\/de\/cookie-policy\/"]}]},{"@type":"BreadcrumbList","@id":"https:\/\/www.casacantoniera.como.it\/de\/cookie-policy\/#breadcrumb","itemListElement":[{"@type":"ListItem","position":1,"name":"Home","item":"https:\/\/www.casacantoniera.como.it\/de\/"},{"@type":"ListItem","position":2,"name":"Cookie policy"}]},{"@type":"WebSite","@id":"https:\/\/www.casacantoniera.como.it\/#website","url":"https:\/\/www.casacantoniera.como.it\/","name":"B&amp;B Casa Cantoniera","description":"B&amp;B Casa Cantoniera","potentialAction":[{"@type":"SearchAction","target":{"@type":"EntryPoint","urlTemplate":"https:\/\/www.casacantoniera.como.it\/?s={search_term_string}"},"query-input":{"@type":"PropertyValueSpecification","valueRequired":true,"valueName":"search_term_string"}}],"inLanguage":"de"}]}},"_links":{"self":[{"href":"https:\/\/www.casacantoniera.como.it\/de\/wp-json\/wp\/v2\/pages\/321","targetHints":{"allow":["GET"]}}],"collection":[{"href":"https:\/\/www.casacantoniera.como.it\/de\/wp-json\/wp\/v2\/pages"}],"about":[{"href":"https:\/\/www.casacantoniera.como.it\/de\/wp-json\/wp\/v2\/types\/page"}],"author":[{"embeddable":true,"href":"https:\/\/www.casacantoniera.como.it\/de\/wp-json\/wp\/v2\/users\/2"}],"replies":[{"embeddable":true,"href":"https:\/\/www.casacantoniera.como.it\/de\/wp-json\/wp\/v2\/comments?post=321"}],"version-history":[{"count":4,"href":"https:\/\/www.casacantoniera.como.it\/de\/wp-json\/wp\/v2\/pages\/321\/revisions"}],"predecessor-version":[{"id":1028,"href":"https:\/\/www.casacantoniera.como.it\/de\/wp-json\/wp\/v2\/pages\/321\/revisions\/1028"}],"wp:attachment":[{"href":"https:\/\/www.casacantoniera.como.it\/de\/wp-json\/wp\/v2\/media?parent=321"}],"curies":[{"name":"wp","href":"https:\/\/api.w.org\/{rel}","templated":true}]}}